{"id":131,"date":"2019-02-26T20:29:57","date_gmt":"2019-02-26T19:29:57","guid":{"rendered":"https:\/\/jakzrobicwexcelu.pl\/kursy-excel\/?page_id=131"},"modified":"2019-03-24T20:27:17","modified_gmt":"2019-03-24T19:27:17","slug":"login","status":"publish","type":"page","link":"https:\/\/jakzrobicwexcelu.pl\/kursy-excel\/login\/","title":{"rendered":"Login"},"content":{"rendered":"\n<p><strong>\t<section class=\"uo_loginForm\">\n\n\t\t\n\n<div id=\"ult-login\">\n\n\t<div class=\"ult-box\">\n\n\t\t<div class=\"ult-form__content\">\n\t\t\t\n\t\t\t\n\t\t\t\n\t\t\t\n\t\t\t\t<div class=\"ult-form__title\">\n\t\t\t\t\tLogowanie\t\t\t\t<\/div>\n\n\t\t\t\n\t\t\t\n\t\t\t\n\t\t\t\t<div class=\"ult-form__description\">\n\t\t\t\t\tZaloguj si\u0119 aby uzyska\u0107 dost\u0119p do kurs\u00f3w.\t\t\t\t<\/div>\n\n\t\t\t\n\t\t\t\n\t\t\t<div class=\"ult-form__container\">\n\n\t\t\t\t<form name=\"ult-login-form\" id=\"ult-login-form\" action=\"https:\/\/jakzrobicwexcelu.pl\/kursy-excel\/wp-login.php\" method=\"post\"><p class=\"login-username\">\n\t\t\t\t<label for=\"ult-login-email\">Nazwa u\u017cytkownika lub adres e-mail<\/label>\n\t\t\t\t<input type=\"text\" name=\"log\" id=\"ult-login-email\" autocomplete=\"username\" class=\"input\" value=\"\" size=\"20\" \/>\n\t\t\t<\/p><p class=\"login-password\">\n\t\t\t\t<label for=\"ult-login-password\">Has\u0142o<\/label>\n\t\t\t\t<input type=\"password\" name=\"pwd\" id=\"ult-login-password\" autocomplete=\"current-password\" spellcheck=\"false\" class=\"input\" value=\"\" size=\"20\" \/>\n\t\t\t<\/p>\t\t\t<div class=\"ult-form__row ult-form__row--recaptcha\">\n\t\t\t\t<div class=\"ult-form-recaptcha\"\n\t\t\t\t\t data-sitekey=\"6LemUToUAAAAAKzggC-Gk7B4-y3k2YrnLuvFpINf\"\n\t\t\t\t\t data-callback=\"UncannyToolkitFrontendLoginReCaptchaCorrect\"><\/div>\n\t\t\t<\/div>\n\t\t\t\n\t<div class=\"ult-form__validation \">\n\t\t<div class=\"ult-notice ult-notice--error\">\n\t\t\t\n\t\t\t<span class=\"ult-notice-text\"><\/span>\n\n\t\t\t\t\t<\/div>\n\t<\/div>\n\n\t<p class=\"login-remember\"><label><input name=\"rememberme\" type=\"checkbox\" id=\"ult-login-remember\" value=\"forever\" checked=\"checked\" \/> Zapami\u0119taj mnie<\/label><\/p><p class=\"login-submit\">\n\t\t\t\t<input type=\"submit\" name=\"wp-submit\" id=\"ult-login-submit\" class=\"button button-primary\" value=\"Zaloguj si\u0119\" \/>\n\t\t\t\t<input type=\"hidden\" name=\"redirect_to\" value=\"https:\/\/jakzrobicwexcelu.pl\/kursy-excel\/wp-admin\/\" \/>\n\t\t\t<\/p><\/form>\n\t\t\t<\/div>\n\n\t\t\t\n\t\t<\/div>\n\n\t\t<div class=\"ult-form__footer\">\n\n\t\t\t\n\t\t\t<div class=\"ult-form-footer__forgot-password\">\n\t\t\t\t<a id=\"ult-form-footer-forgot-password\" href=\"https:\/\/jakzrobicwexcelu.pl\/kursy-excel\/login\/?action=lostpassword\">\n\t\t\t\t\tZapomnia\u0142e\u015b has\u0142a?\t\t\t\t<\/a>\n\t\t\t<\/div>\n\n\t\t\t\n\t\t<\/div>\n\n\t\t\n\t<\/div>\n\n<\/div>\n\n<script type='text\/javascript'>\n\tjQuery(document).ready(function () {\n\t\tjQuery('#ult-login-email').attr('required', 'required')\n\t\tjQuery('#ult-login-password').attr('required', 'required')\n\t})\n<\/script>\n\n\t<\/section>\n<\/strong><\/p>\n","protected":false},"excerpt":{"rendered":"","protected":false},"author":1,"featured_media":0,"parent":0,"menu_order":0,"comment_status":"closed","ping_status":"closed","template":"","meta":{"site-sidebar-layout":"default","site-content-layout":"default","ast-site-content-layout":"","site-content-style":"default","site-sidebar-style":"default","ast-global-header-display":"","ast-banner-title-visibility":"","ast-main-header-display":"","ast-hfb-above-header-display":"","ast-hfb-below-header-display":"","ast-hfb-mobile-header-display":"","site-post-title":"disabled","ast-breadcrumbs-content":"","ast-featured-img":"","footer-sml-layout":"","theme-transparent-header-meta":"default","adv-header-id-meta":"","stick-header-meta":"","header-above-stick-meta":"","header-main-stick-meta":"","header-below-stick-meta":"","astra-migrate-meta-layouts":"default","ast-page-background-enabled":"default","ast-page-background-meta":{"desktop":{"background-color":"","background-image":"","background-repeat":"repeat","background-position":"center center","background-size":"auto","background-attachment":"scroll","background-type":"","background-media":"","overlay-type":"","overlay-color":"","overlay-gradient":""},"tablet":{"background-color":"","background-image":"","background-repeat":"repeat","background-position":"center center","background-size":"auto","background-attachment":"scroll","background-type":"","background-media":"","overlay-type":"","overlay-color":"","overlay-gradient":""},"mobile":{"background-color":"","background-image":"","background-repeat":"repeat","background-position":"center center","background-size":"auto","background-attachment":"scroll","background-type":"","background-media":"","overlay-type":"","overlay-color":"","overlay-gradient":""}},"ast-content-background-meta":{"desktop":{"background-color":"var(--ast-global-color-5)","background-image":"","background-repeat":"repeat","background-position":"center center","background-size":"auto","background-attachment":"scroll","background-type":"","background-media":"","overlay-type":"","overlay-color":"","overlay-gradient":""},"tablet":{"background-color":"var(--ast-global-color-5)","background-image":"","background-repeat":"repeat","background-position":"center center","background-size":"auto","background-attachment":"scroll","background-type":"","background-media":"","overlay-type":"","overlay-color":"","overlay-gradient":""},"mobile":{"background-color":"var(--ast-global-color-5)","background-image":"","background-repeat":"repeat","background-position":"center center","background-size":"auto","background-attachment":"scroll","background-type":"","background-media":"","overlay-type":"","overlay-color":"","overlay-gradient":""}},"footnotes":""},"class_list":["post-131","page","type-page","status-publish","hentry"],"yoast_head":"<!-- This site is optimized with the Yoast SEO plugin v23.9 - https:\/\/yoast.com\/wordpress\/plugins\/seo\/ -->\n<title>Login - Kursy Excel | jakzrobicwexcelu.pl<\/title>\n<meta name=\"robots\" content=\"noindex, follow\" \/>\n<meta property=\"og:locale\" content=\"pl_PL\" \/>\n<meta property=\"og:type\" content=\"article\" \/>\n<meta property=\"og:title\" content=\"Login - Kursy Excel | jakzrobicwexcelu.pl\" \/>\n<meta property=\"og:url\" content=\"https:\/\/jakzrobicwexcelu.pl\/kursy-excel\/login\/\" \/>\n<meta property=\"og:site_name\" content=\"Kursy Excel | jakzrobicwexcelu.pl\" \/>\n<meta property=\"article:modified_time\" content=\"2019-03-24T19:27:17+00:00\" \/>\n<meta name=\"twitter:card\" content=\"summary_large_image\" \/>\n<script type=\"application\/ld+json\" class=\"yoast-schema-graph\">{\"@context\":\"https:\/\/schema.org\",\"@graph\":[{\"@type\":\"WebPage\",\"@id\":\"https:\/\/jakzrobicwexcelu.pl\/kursy-excel\/login\/\",\"url\":\"https:\/\/jakzrobicwexcelu.pl\/kursy-excel\/login\/\",\"name\":\"Login - Kursy Excel | jakzrobicwexcelu.pl\",\"isPartOf\":{\"@id\":\"https:\/\/jakzrobicwexcelu.pl\/kursy-excel\/#website\"},\"datePublished\":\"2019-02-26T19:29:57+00:00\",\"dateModified\":\"2019-03-24T19:27:17+00:00\",\"breadcrumb\":{\"@id\":\"https:\/\/jakzrobicwexcelu.pl\/kursy-excel\/login\/#breadcrumb\"},\"inLanguage\":\"pl-PL\",\"potentialAction\":[{\"@type\":\"ReadAction\",\"target\":[\"https:\/\/jakzrobicwexcelu.pl\/kursy-excel\/login\/\"]}]},{\"@type\":\"BreadcrumbList\",\"@id\":\"https:\/\/jakzrobicwexcelu.pl\/kursy-excel\/login\/#breadcrumb\",\"itemListElement\":[{\"@type\":\"ListItem\",\"position\":1,\"name\":\"Strona g\u0142\u00f3wna\",\"item\":\"https:\/\/jakzrobicwexcelu.pl\/kursy-excel\/\"},{\"@type\":\"ListItem\",\"position\":2,\"name\":\"Login\"}]},{\"@type\":\"WebSite\",\"@id\":\"https:\/\/jakzrobicwexcelu.pl\/kursy-excel\/#website\",\"url\":\"https:\/\/jakzrobicwexcelu.pl\/kursy-excel\/\",\"name\":\"Kursy Excel | jakzrobicwexcelu.pl\",\"description\":\"Kursy Excela Online\",\"publisher\":{\"@id\":\"https:\/\/jakzrobicwexcelu.pl\/kursy-excel\/#organization\"},\"potentialAction\":[{\"@type\":\"SearchAction\",\"target\":{\"@type\":\"EntryPoint\",\"urlTemplate\":\"https:\/\/jakzrobicwexcelu.pl\/kursy-excel\/?s={search_term_string}\"},\"query-input\":{\"@type\":\"PropertyValueSpecification\",\"valueRequired\":true,\"valueName\":\"search_term_string\"}}],\"inLanguage\":\"pl-PL\"},{\"@type\":\"Organization\",\"@id\":\"https:\/\/jakzrobicwexcelu.pl\/kursy-excel\/#organization\",\"name\":\"ONLINE Marcin Wi\u015bniowski\",\"url\":\"https:\/\/jakzrobicwexcelu.pl\/kursy-excel\/\",\"logo\":{\"@type\":\"ImageObject\",\"inLanguage\":\"pl-PL\",\"@id\":\"https:\/\/jakzrobicwexcelu.pl\/kursy-excel\/#\/schema\/logo\/image\/\",\"url\":\"https:\/\/jakzrobicwexcelu.pl\/kursy-excel\/wp-content\/uploads\/2019\/03\/jak-zrobic-w-excelu-logo-2-kursy.jpg\",\"contentUrl\":\"https:\/\/jakzrobicwexcelu.pl\/kursy-excel\/wp-content\/uploads\/2019\/03\/jak-zrobic-w-excelu-logo-2-kursy.jpg\",\"width\":286,\"height\":64,\"caption\":\"ONLINE Marcin Wi\u015bniowski\"},\"image\":{\"@id\":\"https:\/\/jakzrobicwexcelu.pl\/kursy-excel\/#\/schema\/logo\/image\/\"}}]}<\/script>\n<!-- \/ Yoast SEO plugin. -->","yoast_head_json":{"title":"Login - Kursy Excel | jakzrobicwexcelu.pl","robots":{"index":"noindex","follow":"follow"},"og_locale":"pl_PL","og_type":"article","og_title":"Login - Kursy Excel | jakzrobicwexcelu.pl","og_url":"https:\/\/jakzrobicwexcelu.pl\/kursy-excel\/login\/","og_site_name":"Kursy Excel | jakzrobicwexcelu.pl","article_modified_time":"2019-03-24T19:27:17+00:00","twitter_card":"summary_large_image","schema":{"@context":"https:\/\/schema.org","@graph":[{"@type":"WebPage","@id":"https:\/\/jakzrobicwexcelu.pl\/kursy-excel\/login\/","url":"https:\/\/jakzrobicwexcelu.pl\/kursy-excel\/login\/","name":"Login - Kursy Excel | jakzrobicwexcelu.pl","isPartOf":{"@id":"https:\/\/jakzrobicwexcelu.pl\/kursy-excel\/#website"},"datePublished":"2019-02-26T19:29:57+00:00","dateModified":"2019-03-24T19:27:17+00:00","breadcrumb":{"@id":"https:\/\/jakzrobicwexcelu.pl\/kursy-excel\/login\/#breadcrumb"},"inLanguage":"pl-PL","potentialAction":[{"@type":"ReadAction","target":["https:\/\/jakzrobicwexcelu.pl\/kursy-excel\/login\/"]}]},{"@type":"BreadcrumbList","@id":"https:\/\/jakzrobicwexcelu.pl\/kursy-excel\/login\/#breadcrumb","itemListElement":[{"@type":"ListItem","position":1,"name":"Strona g\u0142\u00f3wna","item":"https:\/\/jakzrobicwexcelu.pl\/kursy-excel\/"},{"@type":"ListItem","position":2,"name":"Login"}]},{"@type":"WebSite","@id":"https:\/\/jakzrobicwexcelu.pl\/kursy-excel\/#website","url":"https:\/\/jakzrobicwexcelu.pl\/kursy-excel\/","name":"Kursy Excel | jakzrobicwexcelu.pl","description":"Kursy Excela Online","publisher":{"@id":"https:\/\/jakzrobicwexcelu.pl\/kursy-excel\/#organization"},"potentialAction":[{"@type":"SearchAction","target":{"@type":"EntryPoint","urlTemplate":"https:\/\/jakzrobicwexcelu.pl\/kursy-excel\/?s={search_term_string}"},"query-input":{"@type":"PropertyValueSpecification","valueRequired":true,"valueName":"search_term_string"}}],"inLanguage":"pl-PL"},{"@type":"Organization","@id":"https:\/\/jakzrobicwexcelu.pl\/kursy-excel\/#organization","name":"ONLINE Marcin Wi\u015bniowski","url":"https:\/\/jakzrobicwexcelu.pl\/kursy-excel\/","logo":{"@type":"ImageObject","inLanguage":"pl-PL","@id":"https:\/\/jakzrobicwexcelu.pl\/kursy-excel\/#\/schema\/logo\/image\/","url":"https:\/\/jakzrobicwexcelu.pl\/kursy-excel\/wp-content\/uploads\/2019\/03\/jak-zrobic-w-excelu-logo-2-kursy.jpg","contentUrl":"https:\/\/jakzrobicwexcelu.pl\/kursy-excel\/wp-content\/uploads\/2019\/03\/jak-zrobic-w-excelu-logo-2-kursy.jpg","width":286,"height":64,"caption":"ONLINE Marcin Wi\u015bniowski"},"image":{"@id":"https:\/\/jakzrobicwexcelu.pl\/kursy-excel\/#\/schema\/logo\/image\/"}}]}},"_links":{"self":[{"href":"https:\/\/jakzrobicwexcelu.pl\/kursy-excel\/wp-json\/wp\/v2\/pages\/131","targetHints":{"allow":["GET"]}}],"collection":[{"href":"https:\/\/jakzrobicwexcelu.pl\/kursy-excel\/wp-json\/wp\/v2\/pages"}],"about":[{"href":"https:\/\/jakzrobicwexcelu.pl\/kursy-excel\/wp-json\/wp\/v2\/types\/page"}],"author":[{"embeddable":true,"href":"https:\/\/jakzrobicwexcelu.pl\/kursy-excel\/wp-json\/wp\/v2\/users\/1"}],"replies":[{"embeddable":true,"href":"https:\/\/jakzrobicwexcelu.pl\/kursy-excel\/wp-json\/wp\/v2\/comments?post=131"}],"version-history":[{"count":2,"href":"https:\/\/jakzrobicwexcelu.pl\/kursy-excel\/wp-json\/wp\/v2\/pages\/131\/revisions"}],"predecessor-version":[{"id":133,"href":"https:\/\/jakzrobicwexcelu.pl\/kursy-excel\/wp-json\/wp\/v2\/pages\/131\/revisions\/133"}],"wp:attachment":[{"href":"https:\/\/jakzrobicwexcelu.pl\/kursy-excel\/wp-json\/wp\/v2\/media?parent=131"}],"curies":[{"name":"wp","href":"https:\/\/api.w.org\/{rel}","templated":true}]}}